{"id":25,"date":"2017-01-24T12:32:53","date_gmt":"2017-01-24T12:32:53","guid":{"rendered":"http:\/\/classicconstructions.de\/?page_id=25"},"modified":"2017-12-09T08:25:41","modified_gmt":"2017-12-09T08:25:41","slug":"leistungen","status":"publish","type":"page","link":"https:\/\/classicconstructions.de\/?page_id=25","title":{"rendered":"Leistungen"},"content":{"rendered":"<p style=\"text-align: justify;\"><span style=\"color: #595959;\">Unser gesamtes Portfolio l\u00e4sst sich recht schwer in wenigen Punkten zusammenfassen. Hier ist der wesentliche Kern gelistet. Alle damit verbundenen- oder verwandten Arbeiten spiegeln unsere Kernkompetenzen wieder:<\/span><\/p>\n<ul>\n<li style=\"text-align: justify;\"><span style=\"color: #595959;\">Kompetenz, Zuverl\u00e4ssigkeit, Flexibilit\u00e4t f\u00fcr Old- &amp; Youngtimer;<\/span><\/li>\n<li style=\"text-align: justify;\"><span style=\"color: #595959;\">Instandsetzung von Korrosions- und Unfallsch\u00e4den an Kraftfahrzeugen und Kraftr\u00e4dern;<\/span><\/li>\n<li style=\"text-align: justify;\"><span style=\"color: #595959;\">Schwei\u00dfarbeiten jeglicher Art;<\/span><\/li>\n<li style=\"text-align: justify;\"><span style=\"color: #595959;\">Anfertigung von Blechteilen und Sonderaufbauten;<\/span><\/li>\n<li style=\"text-align: justify;\"><span style=\"color: #595959;\">Reparatur- und Komplettlackierung;<\/span><\/li>\n<li style=\"text-align: justify;\"><span style=\"color: #595959;\">T\u00dcV\/AU und Oldtimerabnahmen;<\/span><\/li>\n<li style=\"text-align: justify;\"><span style=\"color: #595959;\">und vieles mehr. <\/span><\/li>\n<\/ul>\n<p style=\"text-align: right;\"><span style=\"color: #bababa;\">[Andreas 01\/2017]<\/span><\/p>\n","protected":false},"excerpt":{"rendered":"<p>Unser gesamtes Portfolio l\u00e4sst sich recht schwer in wenigen Punkten zusammenfassen. Hier ist der wesentliche Kern gelistet. Alle damit verbundenen- oder verwandten Arbeiten spiegeln unsere Kernkompetenzen wieder: Kompetenz, Zuverl\u00e4ssigkeit, Flexibilit\u00e4t f\u00fcr Old- &amp; Youngtimer; Instandsetzung von Korrosions- und Unfallsch\u00e4den an Kraftfahrzeugen und Kraftr\u00e4dern; Schwei\u00dfarbeiten jeglicher Art; Anfertigung von Blechteilen und Sonderaufbauten; Reparatur- und Komplettlackierung; T\u00dcV\/AU [&hellip;]<\/p>\n","protected":false},"author":2,"featured_media":0,"parent":0,"menu_order":0,"comment_status":"closed","ping_status":"closed","template":"","meta":{"ngg_post_thumbnail":0,"footnotes":""},"class_list":["post-25","page","type-page","status-publish","hentry"],"_links":{"self":[{"href":"https:\/\/classicconstructions.de\/index.php?rest_route=\/wp\/v2\/pages\/25","targetHints":{"allow":["GET"]}}],"collection":[{"href":"https:\/\/classicconstructions.de\/index.php?rest_route=\/wp\/v2\/pages"}],"about":[{"href":"https:\/\/classicconstructions.de\/index.php?rest_route=\/wp\/v2\/types\/page"}],"author":[{"embeddable":true,"href":"https:\/\/classicconstructions.de\/index.php?rest_route=\/wp\/v2\/users\/2"}],"replies":[{"embeddable":true,"href":"https:\/\/classicconstructions.de\/index.php?rest_route=%2Fwp%2Fv2%2Fcomments&post=25"}],"version-history":[{"count":14,"href":"https:\/\/classicconstructions.de\/index.php?rest_route=\/wp\/v2\/pages\/25\/revisions"}],"predecessor-version":[{"id":3632,"href":"https:\/\/classicconstructions.de\/index.php?rest_route=\/wp\/v2\/pages\/25\/revisions\/3632"}],"wp:attachment":[{"href":"https:\/\/classicconstructions.de\/index.php?rest_route=%2Fwp%2Fv2%2Fmedia&parent=25"}],"curies":[{"name":"wp","href":"https:\/\/api.w.org\/{rel}","templated":true}]}}