{"id":9,"date":"2017-01-24T12:06:19","date_gmt":"2017-01-24T12:06:19","guid":{"rendered":"http:\/\/classicconstructions.de\/?page_id=9"},"modified":"2022-07-14T06:25:49","modified_gmt":"2022-07-14T06:25:49","slug":"startseite","status":"publish","type":"page","link":"https:\/\/classicconstructions.de\/","title":{"rendered":"Startseite"},"content":{"rendered":"<p style=\"text-align: justify;\"><span style=\"color: #595959;\">Wir sind ein kompetenter, zuverl\u00e4ssiger und flexibler Partner f\u00fcr die Reparatur Ihres Oldtimer und Youngtimer in Saalfeld \/ Th\u00fcringen.<\/span><\/p>\n<p style=\"text-align: justify;\"><span style=\"color: #595959;\">Seit 2015 \u00fcberzeugen wir unsere Kunden mit professionellen Reparaturen und komplexen Instandsetzungen. Dazu tragen unsere langj\u00e4hrige Erfahrung, unsere individuellen und absolut stimmigen L\u00f6sungen, sowie unsere sehr spezielle Werkstattausr\u00fcstung bei. Exakt originalgetreue Repliken diverser Blech- und Karosserieteile, sowie das Instandsetzen von Fahrwerks- und Antriebskomponenten, stellen f\u00fcr uns keine Herausfordererung dar. Hierbei arbeiten wir auch \u00e4u\u00dferst proaktiv mit langj\u00e4hrigen Partnern und vielen Spezialisten aus diversen Bereichen des Handwerks und der Wirtschaft zusammen, um die &#8222;Sch\u00e4tzchen&#8220; unserer Kunden in originalem- oder individuellem Look erneut erstrahlen zu lassen.<br \/>\n<\/span><\/p>\n<p><span style=\"color: #595959;\">Sehr gern beraten wir Sie bei Ihrem aktuellem Projekt und unterst\u00fctzen Sie im gew\u00fcnschten Umfang.<\/span><\/p>\n<p style=\"text-align: center;\"><span style=\"color: #512424;\"><span style=\"color: #595959;\">Mit freundlichen Gr\u00fc\u00dfen, das Team von ClassicConstuctions.<\/span><br \/>\n<\/span><\/p>\n<p style=\"text-align: center;\"><a href=\"https:\/\/www.instagram.com\/classicconstructions_max\/\" target=\"_blank\" rel=\"noopener\"><img loading=\"lazy\" decoding=\"async\" class=\"aligncenter wp-image-3581 size-full\" src=\"http:\/\/classicconstructions.de\/wp-content\/uploads\/2017\/11\/Instagram-e1512071709188.png\" alt=\"... follow us at instagram ...\" width=\"121\" height=\"38\"><\/a><\/p>\n<p style=\"text-align: center;\"><div id=\"metaslider-id-3661\" style=\"width: 100%; margin: 0 auto;\" class=\"ml-slider-3-108-0 metaslider metaslider-flex metaslider-3661 ml-slider has-dots-nav ms-theme-default\" role=\"region\" aria-label=\"New Slideshow\" data-height=\"200\" data-width=\"700\">\n    <div id=\"metaslider_container_3661\">\n        <div id=\"metaslider_3661\">\n            <ul class='slides'>\n                <li style=\"display: block; width: 100%;\" class=\"slide-3677 ms-image \" aria-roledescription=\"slide\" data-date=\"2017-12-09 09:13:27\" data-filename=\"SS_IMG_6902-700x200.jpg\" data-slide-type=\"image\"><a href=\"http:\/\/classicconstructions.de\/?page_id=1949\" target=\"_self\" aria-label=\"View Slide Details\" class=\"metaslider_image_link\"><img loading=\"lazy\" decoding=\"async\" src=\"https:\/\/classicconstructions.de\/wp-content\/uploads\/2017\/12\/SS_IMG_6902-700x200.jpg\" height=\"200\" width=\"700\" alt=\"\" class=\"slider-3661 slide-3677 msDefaultImage\" \/><\/a><\/li>\n                <li style=\"display: none; width: 100%;\" class=\"slide-3674 ms-image \" aria-roledescription=\"slide\" data-date=\"2017-12-09 09:13:27\" data-filename=\"SS_IMG_5780-700x200.jpg\" data-slide-type=\"image\"><a href=\"http:\/\/classicconstructions.de\/?page_id=3171\" target=\"_self\" aria-label=\"View Slide Details\" class=\"metaslider_image_link\"><img loading=\"lazy\" decoding=\"async\" src=\"https:\/\/classicconstructions.de\/wp-content\/uploads\/2017\/12\/SS_IMG_5780-700x200.jpg\" height=\"200\" width=\"700\" alt=\"\" class=\"slider-3661 slide-3674 msDefaultImage\" \/><\/a><\/li>\n                <li style=\"display: none; width: 100%;\" class=\"slide-3672 ms-image \" aria-roledescription=\"slide\" data-date=\"2017-12-09 09:13:27\" data-filename=\"SS_IMG_4484-700x200.jpg\" data-slide-type=\"image\"><a href=\"http:\/\/classicconstructions.de\/?page_id=1197\" target=\"_self\" aria-label=\"View Slide Details\" class=\"metaslider_image_link\"><img loading=\"lazy\" decoding=\"async\" src=\"https:\/\/classicconstructions.de\/wp-content\/uploads\/2017\/12\/SS_IMG_4484-700x200.jpg\" height=\"200\" width=\"700\" alt=\"\" class=\"slider-3661 slide-3672 msDefaultImage\" \/><\/a><\/li>\n                <li style=\"display: none; width: 100%;\" class=\"slide-3681 ms-image \" aria-roledescription=\"slide\" data-date=\"2017-12-09 09:13:27\" data-filename=\"SS_P1010968-700x200.jpg\" data-slide-type=\"image\"><a href=\"http:\/\/classicconstructions.de\/?page_id=3169\" target=\"_self\" aria-label=\"View Slide Details\" class=\"metaslider_image_link\"><img loading=\"lazy\" decoding=\"async\" src=\"https:\/\/classicconstructions.de\/wp-content\/uploads\/2017\/12\/SS_P1010968-700x200.jpg\" height=\"200\" width=\"700\" alt=\"\" class=\"slider-3661 slide-3681 msDefaultImage\" \/><\/a><\/li>\n                <li style=\"display: none; width: 100%;\" class=\"slide-3678 ms-image \" aria-roledescription=\"slide\" data-date=\"2017-12-09 09:13:27\" data-filename=\"SS_IMG_8011-700x200.jpg\" data-slide-type=\"image\"><a href=\"http:\/\/classicconstructions.de\/?page_id=3173\" target=\"_self\" aria-label=\"View Slide Details\" class=\"metaslider_image_link\"><img loading=\"lazy\" decoding=\"async\" src=\"https:\/\/classicconstructions.de\/wp-content\/uploads\/2017\/12\/SS_IMG_8011-700x200.jpg\" height=\"200\" width=\"700\" alt=\"\" class=\"slider-3661 slide-3678 msDefaultImage\" \/><\/a><\/li>\n                <li style=\"display: none; width: 100%;\" class=\"slide-3675 ms-image \" aria-roledescription=\"slide\" data-date=\"2017-12-09 09:13:27\" data-filename=\"SS_IMG_6407-700x200.jpg\" data-slide-type=\"image\"><a href=\"http:\/\/classicconstructions.de\/?page_id=3175\" target=\"_self\" aria-label=\"View Slide Details\" class=\"metaslider_image_link\"><img loading=\"lazy\" decoding=\"async\" src=\"https:\/\/classicconstructions.de\/wp-content\/uploads\/2017\/12\/SS_IMG_6407-700x200.jpg\" height=\"200\" width=\"700\" alt=\"\" class=\"slider-3661 slide-3675 msDefaultImage\" \/><\/a><\/li>\n                <li style=\"display: none; width: 100%;\" class=\"slide-3680 ms-image \" aria-roledescription=\"slide\" data-date=\"2017-12-09 09:13:27\" data-filename=\"SS_KR51-1_ARilk_015-700x200.jpg\" data-slide-type=\"image\"><a href=\"http:\/\/classicconstructions.de\/?page_id=1295\" target=\"_self\" aria-label=\"View Slide Details\" class=\"metaslider_image_link\"><img loading=\"lazy\" decoding=\"async\" src=\"https:\/\/classicconstructions.de\/wp-content\/uploads\/2017\/12\/SS_KR51-1_ARilk_015-700x200.jpg\" height=\"200\" width=\"700\" alt=\"\" class=\"slider-3661 slide-3680 msDefaultImage\" \/><\/a><\/li>\n                <li style=\"display: none; width: 100%;\" class=\"slide-3679 ms-image \" aria-roledescription=\"slide\" data-date=\"2017-12-09 09:13:27\" data-filename=\"SS_IMG_8109-700x200.jpg\" data-slide-type=\"image\"><a href=\"http:\/\/classicconstructions.de\/?page_id=3211\" target=\"_self\" aria-label=\"View Slide Details\" class=\"metaslider_image_link\"><img loading=\"lazy\" decoding=\"async\" src=\"https:\/\/classicconstructions.de\/wp-content\/uploads\/2017\/12\/SS_IMG_8109-700x200.jpg\" height=\"200\" width=\"700\" alt=\"\" class=\"slider-3661 slide-3679 msDefaultImage\" \/><\/a><\/li>\n                <li style=\"display: none; width: 100%;\" class=\"slide-3676 ms-image \" aria-roledescription=\"slide\" data-date=\"2017-12-09 09:13:27\" data-filename=\"SS_IMG_6676-700x200.jpg\" data-slide-type=\"image\"><a href=\"http:\/\/classicconstructions.de\/?page_id=3177\" target=\"_self\" aria-label=\"View Slide Details\" class=\"metaslider_image_link\"><img loading=\"lazy\" decoding=\"async\" src=\"https:\/\/classicconstructions.de\/wp-content\/uploads\/2017\/12\/SS_IMG_6676-700x200.jpg\" height=\"200\" width=\"700\" alt=\"\" class=\"slider-3661 slide-3676 msDefaultImage\" \/><\/a><\/li>\n            <\/ul>\n        <\/div>\n        \n    <\/div>\n<\/div><\/p>\n<p style=\"text-align: right;\"><span style=\"color: #bababa;\">[Max 06\/2022]<\/span><\/p>\n","protected":false},"excerpt":{"rendered":"<p>Wir sind ein kompetenter, zuverl\u00e4ssiger und flexibler Partner f\u00fcr die Reparatur Ihres Oldtimer und Youngtimer in Saalfeld \/ Th\u00fcringen. Seit 2015 \u00fcberzeugen wir unsere Kunden mit professionellen Reparaturen und komplexen Instandsetzungen. Dazu tragen unsere langj\u00e4hrige Erfahrung, unsere individuellen und absolut stimmigen L\u00f6sungen, sowie unsere sehr spezielle Werkstattausr\u00fcstung bei. Exakt originalgetreue Repliken diverser Blech- und Karosserieteile, [&hellip;]<\/p>\n","protected":false},"author":2,"featured_media":0,"parent":0,"menu_order":0,"comment_status":"closed","ping_status":"closed","template":"","meta":{"ngg_post_thumbnail":0,"footnotes":""},"class_list":["post-9","page","type-page","status-publish","hentry"],"_links":{"self":[{"href":"https:\/\/classicconstructions.de\/index.php?rest_route=\/wp\/v2\/pages\/9","targetHints":{"allow":["GET"]}}],"collection":[{"href":"https:\/\/classicconstructions.de\/index.php?rest_route=\/wp\/v2\/pages"}],"about":[{"href":"https:\/\/classicconstructions.de\/index.php?rest_route=\/wp\/v2\/types\/page"}],"author":[{"embeddable":true,"href":"https:\/\/classicconstructions.de\/index.php?rest_route=\/wp\/v2\/users\/2"}],"replies":[{"embeddable":true,"href":"https:\/\/classicconstructions.de\/index.php?rest_route=%2Fwp%2Fv2%2Fcomments&post=9"}],"version-history":[{"count":39,"href":"https:\/\/classicconstructions.de\/index.php?rest_route=\/wp\/v2\/pages\/9\/revisions"}],"predecessor-version":[{"id":3800,"href":"https:\/\/classicconstructions.de\/index.php?rest_route=\/wp\/v2\/pages\/9\/revisions\/3800"}],"wp:attachment":[{"href":"https:\/\/classicconstructions.de\/index.php?rest_route=%2Fwp%2Fv2%2Fmedia&parent=9"}],"curies":[{"name":"wp","href":"https:\/\/api.w.org\/{rel}","templated":true}]}}